{"id":27,"date":"2025-11-20T11:40:04","date_gmt":"2025-11-20T11:40:04","guid":{"rendered":"https:\/\/selfcarewecare.com\/?page_id=27"},"modified":"2025-12-13T20:23:29","modified_gmt":"2025-12-13T20:23:29","slug":"services","status":"publish","type":"page","link":"https:\/\/selfcarewecare.com\/es\/services\/","title":{"rendered":"Servicios"},"content":{"rendered":"<div class=\"wp-block-cover alignfull\" style=\"min-height:385px;aspect-ratio:unset;\"><img loading=\"lazy\" decoding=\"async\" width=\"1024\" height=\"720\" class=\"wp-block-cover__image-background wp-image-177 size-large\" alt=\"\" src=\"https:\/\/selfcarewecare.com\/wp-content\/uploads\/2025\/12\/services_hero-1024x720.jpg\" data-object-fit=\"cover\" srcset=\"https:\/\/selfcarewecare.com\/wp-content\/uploads\/2025\/12\/services_hero-1024x720.jpg 1024w, https:\/\/selfcarewecare.com\/wp-content\/uploads\/2025\/12\/services_hero-300x211.jpg 300w, https:\/\/selfcarewecare.com\/wp-content\/uploads\/2025\/12\/services_hero-768x540.jpg 768w, https:\/\/selfcarewecare.com\/wp-content\/uploads\/2025\/12\/services_hero-600x422.jpg 600w, https:\/\/selfcarewecare.com\/wp-content\/uploads\/2025\/12\/services_hero.jpg 1290w\" sizes=\"auto, (max-width: 1024px) 100vw, 1024px\" \/><span aria-hidden=\"true\" class=\"wp-block-cover__background has-background-dim\" style=\"background-color:#7b6a53\"><\/span><div class=\"wp-block-cover__inner-container is-layout-flow wp-block-cover-is-layout-flow\">\n<div class=\"wp-block-group is-layout-constrained wp-container-core-group-is-layout-dc48b372 wp-block-group-is-layout-constrained\" style=\"padding-right:60px;padding-left:60px\">\n<h2 class=\"wp-block-heading has-text-align-center\" id=\"just-arrived\"><strong><mark style=\"background-color:rgba(0, 0, 0, 0);color:#ffffff\" class=\"has-inline-color\">Servicios<\/mark><\/strong><\/h2>\n\n\n\n<p class=\"has-text-align-center\"><strong><mark style=\"background-color:rgba(0, 0, 0, 0);color:#ffffff\" class=\"has-inline-color\">Ofertas transformadoras para sanaci\u00f3n, crecimiento y empoderamiento.<\/mark><\/strong><\/p>\n<\/div>\n<\/div><\/div>\n\n\n\n<main class=\"main\">\n\n    <!-- What we offer text -->\n    <section class=\"content\">\n      <div class=\"container\">\n        <section id=\"what-we-offer\" class=\"text-block\">\n          <h2>Lo Que Ofrecemos<\/h2>\n          <p>\n            En Selfcare Wecare, ofrecemos experiencias transformadoras dise\u00f1adas para apoyar el crecimiento emocional, espiritual y personal. Nuestro trabajo combina coaching moderno con sabidur\u00eda ancestral, sanaci\u00f3n som\u00e1tica y ritos de paso empoderadores. Cada oferta est\u00e1 creada con intenci\u00f3n, seguridad y profunda compasi\u00f3n.\n          <\/p>\n        <\/section>\n\n        <!-- Grid of services with images -->\n        <section class=\"text-block\" style=\"margin-top: 20px;\">\n          <h2>Nuestras Ofertas<\/h2>\n          <div class=\"offerings\">\n            <div class=\"offer_container\">\n              <img decoding=\"async\" src=\"https:\/\/selfcarewecare.com\/wp-content\/uploads\/2025\/11\/spiritual-coaching.avif\" alt=\"Inner Child &#038; Inner Teen Healing\">\n              <div class=\"offer_text\">\n                <h3>Sanaci\u00f3n del Ni\u00f1o Interior y del Adolescente Interior<\/h3>\n                <ul class=\"no-bullets\">\n                  <li>Sesiones guiadas, talleres y cursos<\/li>\n                  <li>Reconecta con las partes m\u00e1s j\u00f3venes de ti mismo<\/li>\n                  <li>Reconecta con las partes m\u00e1s j\u00f3venes de ti mismo<\/li>\n                <\/ul>\n              <\/div>\n              \n            <\/div>\n            <div class=\"offer_container\">\n              <div class=\"offer_text\">\n                <h3>Experiencias de Caminar Sobre Fuego y Formaci\u00f3n de Instructores<\/h3>\n                <ul class=\"no-bullets\">\n                  <li>Avances a trav\u00e9s de caminar sobre fuego y rituales de empoderamiento<\/li>\n                  <li>Romper tablas, trabajo de respiraci\u00f3n y ritos de paso<\/li>\n                  <li>Certificaci\u00f3n de instructor para maestr\u00eda y liderazgo<\/li>\n                <\/ul>\n              <\/div>\n              <img decoding=\"async\" src=\"https:\/\/selfcarewecare.com\/wp-content\/uploads\/2025\/12\/Firewalking_Experiences_Instructor_Training.png\" alt=\"Firewalking Experiences &#038; Instructor Training\">\n            <\/div>\n            <div class=\"offer_container\">\n              <img decoding=\"async\" src=\"https:\/\/selfcarewecare.com\/wp-content\/uploads\/2025\/12\/Sacred_Plant_Medicine_Ceremonies.png\" alt=\"Sacred Plant Medicine Ceremonies\">\n              <div class=\"offer_text\">\n                <h3>Ceremonias Sagradas de Medicina Vegetal<\/h3>\n                <ul class=\"no-bullets\">\n                  <li>Ceremonias ancestrales con respeto e integridad<\/li>\n                  <li>Preparaci\u00f3n, gu\u00eda e integraci\u00f3n segura<\/li>\n                  <li>Viajes de sanaci\u00f3n centrados en el coraz\u00f3n<\/li>\n                <\/ul>\n              <\/div>\n            <\/div>\n            <div class=\"offer_container\">\n              <div class=\"offer_text\">\n                <h3>Talleres, Retiros y C\u00edrculos Comunitarios<\/h3>\n                <ul class=\"no-bullets\">\n                  <li>Sesiones personalizadas, discusiones grupales y experiencias compartidas<\/li>\n                  <li>Construyendo comunidad, apoy\u00e1ndonos mutuamente y fomentando el crecimiento<\/li>\n                  <li>Conectando con personas afines y valores compartidos<\/li>\n                <\/ul>\n              <\/div>\n              <img decoding=\"async\" src=\"https:\/\/selfcarewecare.com\/wp-content\/uploads\/2025\/12\/Workshops_Retreats_Community_Circles.png\" alt=\"Workshops, Retreats &#038; Community Circles\">\n            <\/div>\n            <div class=\"offer_container\">\n              <img decoding=\"async\" src=\"https:\/\/selfcarewecare.com\/wp-content\/uploads\/2025\/12\/DISC_Flow_Coaching_Emotional_Intelligence.png\" alt=\"DISC Flow Coaching &#038; Emotional Intelligence\" \/>\n              <div class=\"offer_text\">\n                <h3>Coaching DISC Flow e Inteligencia Emocional<\/h3>\n                <ul class=\"no-bullets\">\n                  <li>Coaching personal y profesional<\/li>\n                  <li>Comprende estilos de personalidad y mejora la comunicaci\u00f3n<\/li>\n                  <li>Crea relaciones armoniosas en equipos y familias<\/li>\n                <\/ul>\n              <\/div>\n            <\/div>\n            <div class=\"offer_container\">\n              <div class=\"offer_text\">\n                <h3>Programas de Empoderamiento Juvenil<\/h3>\n                <ul class=\"no-bullets\">\n                  <li>Talleres y ritos de paso para adolescentes y j\u00f3venes adultos<\/li>\n                  <li>Combinando herramientas modernas con sabidur\u00eda ancestral y creatividad<\/li>\n                  <li>Herramientas emocionales para resiliencia y prop\u00f3sito<\/li>\n                <\/ul>\n              <\/div>\n              <img decoding=\"async\" src=\"https:\/\/selfcarewecare.com\/wp-content\/uploads\/2025\/12\/Youth_Empowerment_Programs.png\" alt=\"Youth Empowerment Programs\" \/>\n            <\/div>\n            <div class=\"offer_container\">\n              <img decoding=\"async\" src=\"https:\/\/selfcarewecare.com\/wp-content\/uploads\/2025\/12\/Creative_Arts_Healing.png\" alt=\"Creative Arts Healing\" \/>\n              <div class=\"offer_text\">\n                <h3>Sanaci\u00f3n a Trav\u00e9s de las Artes Creativas<\/h3>\n                <ul class=\"no-bullets\">\n                  <li>M\u00fasica, composici\u00f3n de canciones, movimiento y artes expresivas<\/li>\n                  <li>Libera emociones, abre el coraz\u00f3n y reconecta con la alegr\u00eda<\/li>\n                <\/ul>\n              <\/div>\n            <\/div>\n            <div class=\"offer_container\">\n              <div class=\"offer_text\">\n                <h3>Construcci\u00f3n de Equipos Profesionales para Empresas<\/h3>\n                <ul class=\"no-bullets\">\n                  <li>Caminar sobre fuego, construcci\u00f3n de confianza y desarrollo de liderazgo<\/li>\n                  <li>Talleres de inteligencia emocional y experiencias de empoderamiento<\/li>\n                  <li>Construye equipos m\u00e1s fuertes y conectados<\/li>\n                <\/ul>\n              <\/div>\n              <img decoding=\"async\" src=\"https:\/\/selfcarewecare.com\/wp-content\/uploads\/2025\/12\/Gemini_Generated_Image_ucf0otucf0otucf0.png\" alt=\"Professional Team Building for Companies\" \/>\n            <\/div>\n            \n          <\/div>\n        <\/section>\n      <\/div>\n    <\/section>\n  <\/main>\n\n\n\n<nav class=\"social-left\" aria-label=\"Redes sociales\">\n    <a class=\"social-btn fb\" href=\"https:\/\/www.facebook.com\/profile.php?id=61564330168928\" target=\"_blank\" rel=\"noopener\" aria-label=\"Facebook\">\n      <svg viewbox=\"0 0 24 24\" width=\"22\" height=\"22\" fill=\"currentColor\" aria-hidden=\"true\"><path d=\"M22.675 0h-21.35C.596 0 0 .596 0 1.325v21.351C0 23.404.596 24 1.325 24h11.483V14.706h-3.13v-3.615h3.13V8.413c0-3.1 1.893-4.788 4.659-4.788 1.325 0 2.463.099 2.797.143v3.243l-1.919.001c-1.505 0-1.797.716-1.797 1.767v2.318h3.59l-.467 3.615h-3.123V24h6.127C23.404 24 24 23.404 24 22.676V1.325C24 .596 23.404 0 22.675 0z\"\/><\/svg>\n    <\/a>\n    <a class=\"social-btn ig\" href=\"https:\/\/www.instagram.com\/carmenventura777?utm_source=ig_web_button_share_sheet&#038;igsh=ZDNlZDc0MzIxNw==\" target=\"_blank\" rel=\"noopener\" aria-label=\"Instagram\">\n      <svg viewbox=\"0 0 24 24\" width=\"22\" height=\"22\" fill=\"none\" stroke=\"currentColor\" stroke-width=\"2\" aria-hidden=\"true\">\n        <rect x=\"3\" y=\"3\" width=\"18\" height=\"18\" rx=\"5\" ry=\"5\"><\/rect>\n        <path d=\"M16 11.37A4 4 0 1 1 12.63 8 4 4 0 0 1 16 11.37z\"><\/path>\n        <line x1=\"17.5\" y1=\"6.5\" x2=\"17.5\" y2=\"6.5\"><\/line>\n      <\/svg>\n    <\/a>\n  <\/nav>","protected":false},"excerpt":{"rendered":"<p>What We Offer At SelfCareWeCare, we offer transformational experiences designed to support emotional, spiritual, and personal growth. Our work blends [&hellip;]<\/p>","protected":false},"author":2,"featured_media":0,"parent":0,"menu_order":0,"comment_status":"closed","ping_status":"closed","template":"","meta":{"site-sidebar-layout":"default","site-content-layout":"","ast-site-content-layout":"default","site-content-style":"default","site-sidebar-style":"default","ast-global-header-display":"","ast-banner-title-visibility":"","ast-main-header-display":"","ast-hfb-above-header-display":"","ast-hfb-below-header-display":"","ast-hfb-mobile-header-display":"","site-post-title":"disabled","ast-breadcrumbs-content":"","ast-featured-img":"","footer-sml-layout":"","ast-disable-related-posts":"","theme-transparent-header-meta":"","adv-header-id-meta":"","stick-header-meta":"","header-above-stick-meta":"","header-main-stick-meta":"","header-below-stick-meta":"","astra-migrate-meta-layouts":"default","ast-page-background-enabled":"default","ast-page-background-meta":{"desktop":{"background-color":"var(--ast-global-color-5)","background-image":"","background-repeat":"repeat","background-position":"center center","background-size":"auto","background-attachment":"scroll","background-type":"","background-media":"","overlay-type":"","overlay-color":"","overlay-opacity":"","overlay-gradient":""},"tablet":{"background-color":"","background-image":"","background-repeat":"repeat","background-position":"center center","background-size":"auto","background-attachment":"scroll","background-type":"","background-media":"","overlay-type":"","overlay-color":"","overlay-opacity":"","overlay-gradient":""},"mobile":{"background-color":"","background-image":"","background-repeat":"repeat","background-position":"center center","background-size":"auto","background-attachment":"scroll","background-type":"","background-media":"","overlay-type":"","overlay-color":"","overlay-opacity":"","overlay-gradient":""}},"ast-content-background-meta":{"desktop":{"background-color":"var(--ast-global-color-4)","background-image":"","background-repeat":"repeat","background-position":"center center","background-size":"auto","background-attachment":"scroll","background-type":"","background-media":"","overlay-type":"","overlay-color":"","overlay-opacity":"","overlay-gradient":""},"tablet":{"background-color":"var(--ast-global-color-4)","background-image":"","background-repeat":"repeat","background-position":"center center","background-size":"auto","background-attachment":"scroll","background-type":"","background-media":"","overlay-type":"","overlay-color":"","overlay-opacity":"","overlay-gradient":""},"mobile":{"background-color":"var(--ast-global-color-4)","background-image":"","background-repeat":"repeat","background-position":"center center","background-size":"auto","background-attachment":"scroll","background-type":"","background-media":"","overlay-type":"","overlay-color":"","overlay-opacity":"","overlay-gradient":""}},"footnotes":""},"class_list":["post-27","page","type-page","status-publish","hentry"],"_hostinger_reach_plugin_has_subscription_block":false,"_hostinger_reach_plugin_is_elementor":false,"_links":{"self":[{"href":"https:\/\/selfcarewecare.com\/es\/wp-json\/wp\/v2\/pages\/27","targetHints":{"allow":["GET"]}}],"collection":[{"href":"https:\/\/selfcarewecare.com\/es\/wp-json\/wp\/v2\/pages"}],"about":[{"href":"https:\/\/selfcarewecare.com\/es\/wp-json\/wp\/v2\/types\/page"}],"author":[{"embeddable":true,"href":"https:\/\/selfcarewecare.com\/es\/wp-json\/wp\/v2\/users\/2"}],"replies":[{"embeddable":true,"href":"https:\/\/selfcarewecare.com\/es\/wp-json\/wp\/v2\/comments?post=27"}],"version-history":[{"count":12,"href":"https:\/\/selfcarewecare.com\/es\/wp-json\/wp\/v2\/pages\/27\/revisions"}],"predecessor-version":[{"id":340,"href":"https:\/\/selfcarewecare.com\/es\/wp-json\/wp\/v2\/pages\/27\/revisions\/340"}],"wp:attachment":[{"href":"https:\/\/selfcarewecare.com\/es\/wp-json\/wp\/v2\/media?parent=27"}],"curies":[{"name":"wp","href":"https:\/\/api.w.org\/{rel}","templated":true}]}}