{"id":208,"date":"2025-12-10T13:52:56","date_gmt":"2025-12-10T13:52:56","guid":{"rendered":"https:\/\/selfcarewecare.com\/?page_id=208"},"modified":"2025-12-18T00:08:15","modified_gmt":"2025-12-18T00:08:15","slug":"fire-walking","status":"publish","type":"page","link":"https:\/\/selfcarewecare.com\/es\/fire-walking\/","title":{"rendered":"Fire Walking"},"content":{"rendered":"<div class=\"wp-block-cover alignfull\" style=\"min-height:335px;aspect-ratio:unset;\"><img loading=\"lazy\" decoding=\"async\" width=\"1024\" height=\"573\" class=\"wp-block-cover__image-background wp-image-209 size-large\" alt=\"\" src=\"https:\/\/selfcarewecare.com\/wp-content\/uploads\/2025\/12\/fire_1-1024x573.jpg\" data-object-fit=\"cover\" srcset=\"https:\/\/selfcarewecare.com\/wp-content\/uploads\/2025\/12\/fire_1-1024x573.jpg 1024w, https:\/\/selfcarewecare.com\/wp-content\/uploads\/2025\/12\/fire_1-300x168.jpg 300w, https:\/\/selfcarewecare.com\/wp-content\/uploads\/2025\/12\/fire_1-768x430.jpg 768w, https:\/\/selfcarewecare.com\/wp-content\/uploads\/2025\/12\/fire_1-1536x860.jpg 1536w, https:\/\/selfcarewecare.com\/wp-content\/uploads\/2025\/12\/fire_1-600x336.jpg 600w, https:\/\/selfcarewecare.com\/wp-content\/uploads\/2025\/12\/fire_1.jpg 1600w\" sizes=\"auto, (max-width: 1024px) 100vw, 1024px\" \/><span aria-hidden=\"true\" class=\"wp-block-cover__background has-background-dim\" style=\"background-color:#5a2811\"><\/span><div class=\"wp-block-cover__inner-container is-layout-flow wp-block-cover-is-layout-flow\">\n<div class=\"wp-block-group is-content-justification-center is-layout-constrained wp-container-core-group-is-layout-5ab9ddcd wp-block-group-is-layout-constrained\" style=\"padding-right:60px;padding-left:60px\">\n<h2 class=\"wp-block-heading has-text-align-center\" id=\"just-arrived\"><mark style=\"background-color:rgba(0, 0, 0, 0)\" class=\"has-inline-color has-ast-global-color-4-color\">FIREWALKING<\/mark><\/h2>\n\n\n\n<p class=\"has-text-align-center\"><\/p>\n<\/div>\n<\/div><\/div>\n\n\n\n<main class=\"main\">\n    <section class=\"content\">\n      <div class=\"container\">\n        <section class=\"text-block\" style=\"margin-top: 20px;\">\n          <div class=\"offerings\">\n            <div class=\"offer_container\">\n              <img decoding=\"async\" src=\"https:\/\/selfcarewecare.com\/wp-content\/uploads\/2025\/12\/FireWalking_3.png\" alt=\"Firewalking Instructor Trainer\">\n              <div class=\"offer_text\">\n                <h3>FORMADOR DE INSTRUCTORES DE CAMINAR SOBRE FUEGO<\/h3>\n                <p>Descubre los secretos para transformar vidas en solo 4 d\u00edas. Domina las habilidades \u00fanicas que han empoderado a millones de personas para superar miedos y creencias limitantes. Dise\u00f1ado para conferencistas, coaches, coaches de vida, l\u00edderes, gerentes e individuos excepcionales, esta experiencia incluye:<\/p>\n                <ul>\n                  <li>Construcci\u00f3n de equipos<\/li>\n                  <li>Caminar sobre fuego<\/li>\n                  <li>Caminar sobre vidrio (caminar descalzo sobre vidrio roto)<\/li>\n                  <li>Romper tablas con la mano desnuda<\/li>\n                  <li>Doblar barras de acero con la garganta<\/li>\n                  <li>T\u00e9cnicas de trabajo de respiraci\u00f3n<\/li>\n                  <li>Y mucho m\u00e1s\u2026<\/li>\n                <\/ul>\n              <\/div>\n            <\/div>\n\n            <div class=\"offer_container\">\n              <div class=\"offer_text\">\n                <h3>\u00bfBuscas Empoderar Tu Negocio?<\/h3>\n                <p>Transforma Tu Negocio<\/p>\n                <p>\u00danete a las filas de empresas exitosas, desde startups hasta gigantes Fortune 10, que han aprovechado el poder de la transformaci\u00f3n. Emb\u00e1rcate en un viaje de aprendizaje y crecimiento, y descubre los secretos para liberar todo el potencial de tu negocio.<\/p>\n              <\/div>\n              <img decoding=\"async\" src=\"https:\/\/selfcarewecare.com\/wp-content\/uploads\/2025\/12\/FireWalking_9.png\" alt=\"Empower your business\">\n            <\/div>\n\n            <div class=\"offer_container\">\n              <img decoding=\"async\" src=\"https:\/\/selfcarewecare.com\/wp-content\/uploads\/2025\/12\/FireWalking_5.png\" alt=\"Team Building\">\n              <div class=\"offer_text\">\n                <h3>Construcci\u00f3n de Equipos<\/h3>\n                <p>Construir un equipo fuerte es crucial para el \u00e9xito. Promueve la colaboraci\u00f3n efectiva, la comunicaci\u00f3n abierta y un sentido de unidad. Las actividades de construcci\u00f3n de equipos tambi\u00e9n mejoran la resoluci\u00f3n de problemas, la toma de decisiones, el liderazgo y la confianza.<\/p>\n              <\/div>\n            <\/div>\n\n            <div class=\"offer_container\">\n              <div class=\"offer_text\">\n                <h3>Vive La Experiencia de Caminar Sobre Fuego<\/h3>\n                <ul>\n                  <li>\u00a1Experimenta el Poder de Caminar Sobre Fuego!<\/li>\n                  <li>Descubre un renovado sentido de resiliencia<\/li>\n                  <li>Conf\u00eda en ti mismo y en los dem\u00e1s<\/li>\n                  <li>Convierte la adversidad en fortuna<\/li>\n                  <li>\u00a1Supera el miedo y libera tu potencial!<\/li>\n                <\/ul>\n              <\/div>\n              <img decoding=\"async\" src=\"https:\/\/selfcarewecare.com\/wp-content\/uploads\/2025\/12\/FireWalking_2.png\" alt=\"Firewalking Experience\">\n            <\/div>\n\n          <\/div>\n        <\/section>\n        <section class=\"text-block\" style=\"margin-top: 20px;\">\n          <div class=\"offerings\">\n            <div class=\"offer_container\">\n              <img decoding=\"async\" src=\"https:\/\/selfcarewecare.com\/wp-content\/uploads\/2025\/12\/FireWalking_17-1.png\" alt=\"Hearts of Fire Team\">\n              <div class=\"offer_text\">\n                <h3>Teresita Cardona y El Equipo Heart Of Fire<\/h3>\n                <p>Conoce a Teresita Cardona y al Equipo Hearts of Fire <br> un grupo de profesionales dedicados, mentores, coaches y formadores unidos por su pasi\u00f3n por el crecimiento personal y profesional. <\/p>\n                <p>Empoderamos a las personas para superar sus miedos internos, limitaciones y dudas sobre s\u00ed mismas a trav\u00e9s de nuestro entrenamiento especializado y t\u00e9cnicas de alto impacto, liberando su verdadero potencial.<\/p>\n                <p>Nuestra misi\u00f3n es nutrir una nueva generaci\u00f3n de instructores profesionales de caminar sobre fuego y l\u00edderes transformacionales que puedan inspirar a otros a elevarse por encima de sus desaf\u00edos, sanar y prosperar.<\/p>\n              <\/div>\n            <\/div>\n\n            <!-- 6) MASTER FIREWALK INSTRUCTOR TERESITA CARDONA -->\n            <div class=\"offer_container\">\n              <div class=\"offer_text\">\n                <h3>Instructora Maestra de Caminar Sobre Fuego Teresita Cardona<\/h3>\n                <ul>\n                  <p>La Instructora Maestra de Caminar Sobre Fuego Teresita Cardona es una verdadera pionera, rompiendo barreras como la primera mujer latina en los EE. UU. en alcanzar este distinguido t\u00edtulo. Con casi dos d\u00e9cadas de experiencia, ha construido una reputaci\u00f3n como emprendedora din\u00e1mica, Conferencista Internacional y Coach Transformacional. La experiencia de Teresita se extiende a PNL, Comercio Exterior y liderazgo espiritual, consolidando su posici\u00f3n como mentora l\u00edder en empoderamiento.<\/p>\n                <\/ul>\n              <\/div>\n              <img decoding=\"async\" src=\"https:\/\/selfcarewecare.com\/wp-content\/uploads\/2025\/12\/FireWalking_1.png\" alt=\"Master Firewalk Instructor\">\n            <\/div>\n\n            <!-- 7) FIREWALKING INSTRUCTOR CERTIFICATION -->\n            <div class=\"offer_container\">\n              <img decoding=\"async\" src=\"https:\/\/selfcarewecare.com\/wp-content\/uploads\/2025\/12\/FireWalking_7.png\" alt=\"Instructor Certification\">\n              <div class=\"offer_text\">\n                <h3>CERTIFICACI\u00d3N DE INSTRUCTOR DE CAMINAR SOBRE FUEGO \u2014 Despierta al l\u00edder interior, entra al fuego<\/h3>\n                <ul>\n                  <li>Libera tu confianza<\/li>\n                  <li>Aprende herramientas transformadoras<\/li>\n                  <li>Inspira a otros a elevarse<\/li>\n                  <li>\u00a1Experimenta el Poder de Caminar Sobre Fuego!<\/li>\n                  <li>Entrena. Transforma. Lidera<\/li>\n                <\/ul>\n              <\/div>\n            <\/div>\n\n            <!-- 8) CONTACT US -->\n            <div class=\"offer_container\">\n              <div class=\"offer_text\">\n                <h3>CONT\u00c1CTANOS<\/h3>\n                <ul>\n                  <li>Email: teresitacardonacoach@gmail.com<\/li>\n                  <li>Redes sociales: TERESITACARDONACOACH<\/li>\n                  <li>Direcci\u00f3n: 7202 Arlington Blvd suite 204, Falls Church, VA 22042<\/li>\n                  <li>Tel\u00e9fono: 240-694-7239 (Espa\u00f1ol\/Ingl\u00e9s)<\/li>\n                <\/ul>\n              <\/div>\n              <img decoding=\"async\" src=\"https:\/\/selfcarewecare.com\/wp-content\/uploads\/2025\/12\/FireWalking_13.png\" alt=\"Contact\">\n            <\/div>\n\n          <\/div>\n        <\/section>\n      <\/div>\n    <\/section>\n  <\/main>\n\n\n\n<nav class=\"social-left\" aria-label=\"Redes sociales\">\n    <a class=\"social-btn fb\" href=\"https:\/\/www.facebook.com\/profile.php?id=61564330168928\" target=\"_blank\" rel=\"noopener\" aria-label=\"Facebook\">\n      <svg viewbox=\"0 0 24 24\" width=\"22\" height=\"22\" fill=\"currentColor\" aria-hidden=\"true\"><path d=\"M22.675 0h-21.35C.596 0 0 .596 0 1.325v21.351C0 23.404.596 24 1.325 24h11.483V14.706h-3.13v-3.615h3.13V8.413c0-3.1 1.893-4.788 4.659-4.788 1.325 0 2.463.099 2.797.143v3.243l-1.919.001c-1.505 0-1.797.716-1.797 1.767v2.318h3.59l-.467 3.615h-3.123V24h6.127C23.404 24 24 23.404 24 22.676V1.325C24 .596 23.404 0 22.675 0z\"\/><\/svg>\n    <\/a>\n    <a class=\"social-btn ig\" href=\"https:\/\/www.instagram.com\/carmenventura777?utm_source=ig_web_button_share_sheet&#038;igsh=ZDNlZDc0MzIxNw==\" target=\"_blank\" rel=\"noopener\" aria-label=\"Instagram\">\n      <svg viewbox=\"0 0 24 24\" width=\"22\" height=\"22\" fill=\"none\" stroke=\"currentColor\" stroke-width=\"2\" aria-hidden=\"true\">\n        <rect x=\"3\" y=\"3\" width=\"18\" height=\"18\" rx=\"5\" ry=\"5\"><\/rect>\n        <path d=\"M16 11.37A4 4 0 1 1 12.63 8 4 4 0 0 1 16 11.37z\"><\/path>\n        <line x1=\"17.5\" y1=\"6.5\" x2=\"17.5\" y2=\"6.5\"><\/line>\n      <\/svg>\n    <\/a>\n  <\/nav>","protected":false},"excerpt":{"rendered":"<p>FIREWALKING INSTRUCTOR TRAINER Unlock the secrets to transforming lives in just 4 days. Discover the unique skills that have empowered [&hellip;]<\/p>","protected":false},"author":2,"featured_media":0,"parent":0,"menu_order":0,"comment_status":"closed","ping_status":"closed","template":"","meta":{"site-sidebar-layout":"default","site-content-layout":"","ast-site-content-layout":"default","site-content-style":"default","site-sidebar-style":"default","ast-global-header-display":"","ast-banner-title-visibility":"","ast-main-header-display":"","ast-hfb-above-header-display":"","ast-hfb-below-header-display":"","ast-hfb-mobile-header-display":"","site-post-title":"disabled","ast-breadcrumbs-content":"","ast-featured-img":"","footer-sml-layout":"","ast-disable-related-posts":"","theme-transparent-header-meta":"","adv-header-id-meta":"","stick-header-meta":"","header-above-stick-meta":"","header-main-stick-meta":"","header-below-stick-meta":"","astra-migrate-meta-layouts":"default","ast-page-background-enabled":"default","ast-page-background-meta":{"desktop":{"background-color":"var(--ast-global-color-5)","background-image":"","background-repeat":"repeat","background-position":"center center","background-size":"auto","background-attachment":"scroll","background-type":"","background-media":"","overlay-type":"","overlay-color":"","overlay-opacity":"","overlay-gradient":""},"tablet":{"background-color":"","background-image":"","background-repeat":"repeat","background-position":"center center","background-size":"auto","background-attachment":"scroll","background-type":"","background-media":"","overlay-type":"","overlay-color":"","overlay-opacity":"","overlay-gradient":""},"mobile":{"background-color":"","background-image":"","background-repeat":"repeat","background-position":"center center","background-size":"auto","background-attachment":"scroll","background-type":"","background-media":"","overlay-type":"","overlay-color":"","overlay-opacity":"","overlay-gradient":""}},"ast-content-background-meta":{"desktop":{"background-color":"var(--ast-global-color-4)","background-image":"","background-repeat":"repeat","background-position":"center center","background-size":"auto","background-attachment":"scroll","background-type":"","background-media":"","overlay-type":"","overlay-color":"","overlay-opacity":"","overlay-gradient":""},"tablet":{"background-color":"var(--ast-global-color-4)","background-image":"","background-repeat":"repeat","background-position":"center center","background-size":"auto","background-attachment":"scroll","background-type":"","background-media":"","overlay-type":"","overlay-color":"","overlay-opacity":"","overlay-gradient":""},"mobile":{"background-color":"var(--ast-global-color-4)","background-image":"","background-repeat":"repeat","background-position":"center center","background-size":"auto","background-attachment":"scroll","background-type":"","background-media":"","overlay-type":"","overlay-color":"","overlay-opacity":"","overlay-gradient":""}},"footnotes":""},"class_list":["post-208","page","type-page","status-publish","hentry"],"_hostinger_reach_plugin_has_subscription_block":false,"_hostinger_reach_plugin_is_elementor":false,"_links":{"self":[{"href":"https:\/\/selfcarewecare.com\/es\/wp-json\/wp\/v2\/pages\/208","targetHints":{"allow":["GET"]}}],"collection":[{"href":"https:\/\/selfcarewecare.com\/es\/wp-json\/wp\/v2\/pages"}],"about":[{"href":"https:\/\/selfcarewecare.com\/es\/wp-json\/wp\/v2\/types\/page"}],"author":[{"embeddable":true,"href":"https:\/\/selfcarewecare.com\/es\/wp-json\/wp\/v2\/users\/2"}],"replies":[{"embeddable":true,"href":"https:\/\/selfcarewecare.com\/es\/wp-json\/wp\/v2\/comments?post=208"}],"version-history":[{"count":8,"href":"https:\/\/selfcarewecare.com\/es\/wp-json\/wp\/v2\/pages\/208\/revisions"}],"predecessor-version":[{"id":416,"href":"https:\/\/selfcarewecare.com\/es\/wp-json\/wp\/v2\/pages\/208\/revisions\/416"}],"wp:attachment":[{"href":"https:\/\/selfcarewecare.com\/es\/wp-json\/wp\/v2\/media?parent=208"}],"curies":[{"name":"wp","href":"https:\/\/api.w.org\/{rel}","templated":true}]}}