{"id":20,"date":"2025-11-20T11:23:42","date_gmt":"2025-11-20T11:23:42","guid":{"rendered":"https:\/\/selfcarewecare.com\/?page_id=20"},"modified":"2026-01-01T16:37:30","modified_gmt":"2026-01-01T16:37:30","slug":"home","status":"publish","type":"page","link":"https:\/\/selfcarewecare.com\/es\/","title":{"rendered":"Home Page"},"content":{"rendered":"<div class=\"wp-block-cover alignfull\" style=\"min-height:445px;aspect-ratio:unset;\"><img loading=\"lazy\" decoding=\"async\" width=\"648\" height=\"1152\" class=\"wp-block-cover__image-background wp-image-164 size-full\" alt=\"\" src=\"https:\/\/selfcarewecare.com\/wp-content\/uploads\/2025\/12\/fire_gif.gif\" data-object-fit=\"cover\"\/><span aria-hidden=\"true\" class=\"wp-block-cover__background has-background-dim\" style=\"background-color:#a16c44\"><\/span><div class=\"wp-block-cover__inner-container is-layout-flow wp-block-cover-is-layout-flow\">\n<div class=\"wp-block-group is-vertical is-content-justification-center is-layout-flex wp-container-core-group-is-layout-02301db1 wp-block-group-is-layout-flex\" style=\"padding-top:0;padding-right:60px;padding-bottom:0;padding-left:60px\">\n<h1 class=\"wp-block-heading has-text-align-center has-ast-global-color-4-color has-text-color has-link-color has-x-large-font-size wp-elements-74b8a980ba5a191e884a9b108028943a\" id=\"just-arrived\"><strong>Selfcare Wecare<\/strong><\/h1>\n\n\n\n<h4 class=\"wp-block-heading has-text-align-center has-ast-global-color-4-color has-text-color has-link-color wp-elements-e08f3715ff51a6a8703871f1310ac659\" style=\"border-style:none;border-width:0px\"><em>\"El Self Care es un acto sagrado.\"<\/em><\/h4>\n\n\n\n<h4 class=\"wp-block-heading has-ast-global-color-4-color has-text-color has-link-color wp-elements-616869e57de8460cdc564bf26f21d3f8\"><em>\"Regresa a ti mismo.\"<\/em><\/h4>\n\n\n\n<ol class=\"wp-block-list hero-rotator no-list-style\">\n<li class=\"active\">Transformaci\u00f3n.<\/li>\n\n\n\n<li class=\"inactive\">Sanaci\u00f3n.<\/li>\n\n\n\n<li class=\"inactive\">Amor propio.<\/li>\n<\/ol>\n<\/div>\n<\/div><\/div>\n\n\n\n<main class=\"main\">\n    <section class=\"content\">\n      <div class=\"container\">\n        <!-- Secci\u00f3n: SelfCare\u2665WeCare (reutilizada desde landing.html) -->\n        <section id=\"about\" class=\"text-block\">\n          <h2>SelfCare<span class=\"heart\">\u2665<\/span>WeCare<\/h2>\n          <p>\n            SelfCare<span class=\"heart\">\u2665<\/span>WeCare es un movimiento de transformaci\u00f3n, amor y\n            sanaci\u00f3n \u2014 un santuario para el alma, creado para ayudar a las personas a reconectar con su esencia,\n            liberar heridas emocionales y recordar que el poder de sanar vive dentro de cada uno.\n          <\/p>\n          <p>\n            Guiamos a las personas a trav\u00e9s de ceremonias, talleres y retiros que despiertan el cuerpo,\n            abren el coraz\u00f3n y alinean el esp\u00edritu. Nuestro trabajo se basa en la sabidur\u00eda ind\u00edgena, la\n            inteligencia emocional y la comunidad centrada en el coraz\u00f3n.\n          <\/p>\n        <\/section>\n\n        <!-- Secci\u00f3n: Mission (reutilizada desde landing.html) -->\n        <section class=\"text-block\" style=\"margin-top: 20px;\">\n          <h2>Misi\u00f3n<\/h2>\n          <p class=\"hero-sub\">\"Creemos que cuando una persona sana, comunidades enteras se elevan.\"<\/p>\n          <p>Nuestra misi\u00f3n es crear espacios seguros y amorosos donde las personas puedan sanar, recordar su prop\u00f3sito y vivir desde un lugar de autenticidad y alegr\u00eda. Creemos que cuando una persona sana, comunidades enteras se elevan.<\/p>\n          <p>Selfcare Wecare no es solo un movimiento, es un recordatorio de qui\u00e9nes somos: completos, radiantes y poderosos m\u00e1s all\u00e1 de toda medida.<\/p>\n        <\/section>\n\n        <!-- Secci\u00f3n: Our Values & Philosophy (texto, sin acorde\u00f3n) -->\n        <section class=\"text-block\" style=\"margin-top: 20px;\">\n          <h2>Nuestros Valores y Filosof\u00eda<\/h2>\n\n          <h3>SelfCare<span class=\"heart\">\u2665<\/span> WeCare<\/h3>\n          <p>\n            Selfcare Wecare se construye sobre la creencia de que la sanaci\u00f3n es tanto personal como colectiva.\n            Nuestra filosof\u00eda se basa en la compasi\u00f3n, la integridad, la sabidur\u00eda ancestral y el coraje de elevarnos.\n          <\/p>\n\n          <h3>Sanaci\u00f3n Centrada en el Coraz\u00f3n<\/h3>\n          <p>\n            Lideramos con amor, compasi\u00f3n y presencia. La sanaci\u00f3n no se apresura; se sostiene con respeto y ternura.\n          <\/p>\n\n          <h3>Seguridad Sagrada<\/h3>\n          <p>\n            Cada espacio que creamos est\u00e1 fundamentado en seguridad emocional, espiritual y f\u00edsica. Honramos el ritmo, la historia y la verdad de cada persona.\n          <\/p>\n\n          <h3>Sabidur\u00eda Ancestral<\/h3>\n          <p>\n            Honramos las ense\u00f1anzas del Camino Rojo, las tradiciones de caminar sobre el fuego, la medicina ind\u00edgena y la sabidur\u00eda de nuestros ancestros. Su gu\u00eda da forma al esp\u00edritu de nuestro trabajo.\n          <\/p>\n\n          <h3>Empoderamiento por Encima de la Dependencia<\/h3>\n          <p>\n            Nuestra misi\u00f3n es fortalecer tu propia voz, intuici\u00f3n y autoridad interior \u2014 no crear dependencia. T\u00fa eres el sanador; nosotros simplemente caminamos contigo.\n          <\/p>\n\n          <h3>Unidad y Comunidad<\/h3>\n          <p>\n            Creemos que la sanaci\u00f3n se multiplica en comunidad. Cuando una persona se eleva, todos nos elevamos. La hermandad, la fraternidad y el apoyo colectivo est\u00e1n en el coraz\u00f3n de nuestro movimiento.\n          <\/p>\n\n          <h3>Integridad y Responsabilidad<\/h3>\n          <p>\n            Mantenemos los m\u00e1s altos est\u00e1ndares de \u00e9tica, respeto y responsabilidad en cada ceremonia, taller y sesi\u00f3n de coaching.\n          <\/p>\n\n          <h3>Transformaci\u00f3n a Trav\u00e9s de la Experiencia<\/h3>\n          <p>\n            El cambio real ocurre cuando la mente, el cuerpo y el esp\u00edritu participan juntos. Nuestro trabajo incluye pr\u00e1cticas vivenciales que despiertan el coraje y transforman la identidad desde adentro hacia afuera.\n          <\/p>\n        <\/section>\n\n      <\/div>\n    <\/section>\n  <\/main>\n\n\n\n<img decoding=\"async\" src=\"https:\/\/tracker.metricool.com\/c3po.jpg?hash=4f2f3625978c954ed8636741f7448be3\"\/>\n\n\n\n<nav class=\"social-left\" aria-label=\"Redes sociales\">\n    <a class=\"social-btn fb\" href=\"https:\/\/www.facebook.com\/profile.php?id=61564330168928\" target=\"_blank\" rel=\"noopener\" aria-label=\"Facebook\">\n      <svg viewbox=\"0 0 24 24\" width=\"22\" height=\"22\" fill=\"currentColor\" aria-hidden=\"true\"><path d=\"M22.675 0h-21.35C.596 0 0 .596 0 1.325v21.351C0 23.404.596 24 1.325 24h11.483V14.706h-3.13v-3.615h3.13V8.413c0-3.1 1.893-4.788 4.659-4.788 1.325 0 2.463.099 2.797.143v3.243l-1.919.001c-1.505 0-1.797.716-1.797 1.767v2.318h3.59l-.467 3.615h-3.123V24h6.127C23.404 24 24 23.404 24 22.676V1.325C24 .596 23.404 0 22.675 0z\"\/><\/svg>\n    <\/a>\n    <a class=\"social-btn ig\" href=\"https:\/\/www.instagram.com\/carmenventura777?utm_source=ig_web_button_share_sheet&#038;igsh=ZDNlZDc0MzIxNw==\" target=\"_blank\" rel=\"noopener\" aria-label=\"Instagram\">\n      <svg viewbox=\"0 0 24 24\" width=\"22\" height=\"22\" fill=\"none\" stroke=\"currentColor\" stroke-width=\"2\" aria-hidden=\"true\">\n        <rect x=\"3\" y=\"3\" width=\"18\" height=\"18\" rx=\"5\" ry=\"5\"><\/rect>\n        <path d=\"M16 11.37A4 4 0 1 1 12.63 8 4 4 0 0 1 16 11.37z\"><\/path>\n        <line x1=\"17.5\" y1=\"6.5\" x2=\"17.5\" y2=\"6.5\"><\/line>\n      <\/svg>\n    <\/a>\n  <\/nav>","protected":false},"excerpt":{"rendered":"<p>SelfCare\u2665WeCare SelfCare\u2665WeCare is a movement of transformation, love, and healing \u2014 a sanctuary for the soul, created to help others [&hellip;]<\/p>","protected":false},"author":2,"featured_media":0,"parent":0,"menu_order":0,"comment_status":"closed","ping_status":"closed","template":"","meta":{"site-sidebar-layout":"default","site-content-layout":"","ast-site-content-layout":"default","site-content-style":"default","site-sidebar-style":"default","ast-global-header-display":"","ast-banner-title-visibility":"","ast-main-header-display":"","ast-hfb-above-header-display":"","ast-hfb-below-header-display":"","ast-hfb-mobile-header-display":"","site-post-title":"disabled","ast-breadcrumbs-content":"","ast-featured-img":"","footer-sml-layout":"","ast-disable-related-posts":"","theme-transparent-header-meta":"","adv-header-id-meta":"","stick-header-meta":"","header-above-stick-meta":"","header-main-stick-meta":"","header-below-stick-meta":"","astra-migrate-meta-layouts":"default","ast-page-background-enabled":"default","ast-page-background-meta":{"desktop":{"background-color":"var(--ast-global-color-5)","background-image":"","background-repeat":"repeat","background-position":"center center","background-size":"auto","background-attachment":"scroll","background-type":"","background-media":"","overlay-type":"","overlay-color":"","overlay-opacity":"","overlay-gradient":""},"tablet":{"background-color":"","background-image":"","background-repeat":"repeat","background-position":"center center","background-size":"auto","background-attachment":"scroll","background-type":"","background-media":"","overlay-type":"","overlay-color":"","overlay-opacity":"","overlay-gradient":""},"mobile":{"background-color":"","background-image":"","background-repeat":"repeat","background-position":"center center","background-size":"auto","background-attachment":"scroll","background-type":"","background-media":"","overlay-type":"","overlay-color":"","overlay-opacity":"","overlay-gradient":""}},"ast-content-background-meta":{"desktop":{"background-color":"var(--ast-global-color-4)","background-image":"","background-repeat":"repeat","background-position":"center center","background-size":"auto","background-attachment":"scroll","background-type":"","background-media":"","overlay-type":"","overlay-color":"","overlay-opacity":"","overlay-gradient":""},"tablet":{"background-color":"var(--ast-global-color-4)","background-image":"","background-repeat":"repeat","background-position":"center center","background-size":"auto","background-attachment":"scroll","background-type":"","background-media":"","overlay-type":"","overlay-color":"","overlay-opacity":"","overlay-gradient":""},"mobile":{"background-color":"var(--ast-global-color-4)","background-image":"","background-repeat":"repeat","background-position":"center center","background-size":"auto","background-attachment":"scroll","background-type":"","background-media":"","overlay-type":"","overlay-color":"","overlay-opacity":"","overlay-gradient":""}},"footnotes":""},"class_list":["post-20","page","type-page","status-publish","hentry"],"_hostinger_reach_plugin_has_subscription_block":false,"_hostinger_reach_plugin_is_elementor":false,"_links":{"self":[{"href":"https:\/\/selfcarewecare.com\/es\/wp-json\/wp\/v2\/pages\/20","targetHints":{"allow":["GET"]}}],"collection":[{"href":"https:\/\/selfcarewecare.com\/es\/wp-json\/wp\/v2\/pages"}],"about":[{"href":"https:\/\/selfcarewecare.com\/es\/wp-json\/wp\/v2\/types\/page"}],"author":[{"embeddable":true,"href":"https:\/\/selfcarewecare.com\/es\/wp-json\/wp\/v2\/users\/2"}],"replies":[{"embeddable":true,"href":"https:\/\/selfcarewecare.com\/es\/wp-json\/wp\/v2\/comments?post=20"}],"version-history":[{"count":23,"href":"https:\/\/selfcarewecare.com\/es\/wp-json\/wp\/v2\/pages\/20\/revisions"}],"predecessor-version":[{"id":431,"href":"https:\/\/selfcarewecare.com\/es\/wp-json\/wp\/v2\/pages\/20\/revisions\/431"}],"wp:attachment":[{"href":"https:\/\/selfcarewecare.com\/es\/wp-json\/wp\/v2\/media?parent=20"}],"curies":[{"name":"wp","href":"https:\/\/api.w.org\/{rel}","templated":true}]}}