{"id":102,"date":"2025-11-30T18:08:37","date_gmt":"2025-11-30T18:08:37","guid":{"rendered":"https:\/\/selfcarewecare.com\/?page_id=102"},"modified":"2026-01-01T16:38:01","modified_gmt":"2026-01-01T16:38:01","slug":"about-us","status":"publish","type":"page","link":"https:\/\/selfcarewecare.com\/es\/about-us\/","title":{"rendered":"Nosotros"},"content":{"rendered":"<div class=\"wp-block-cover alignfull is-light\" style=\"min-height:335px;aspect-ratio:unset;\"><img loading=\"lazy\" decoding=\"async\" width=\"653\" height=\"1024\" class=\"wp-block-cover__image-background wp-image-179 size-large\" alt=\"\" src=\"https:\/\/selfcarewecare.com\/wp-content\/uploads\/2025\/12\/natural_conection-653x1024.jpg\" data-object-fit=\"cover\" srcset=\"https:\/\/selfcarewecare.com\/wp-content\/uploads\/2025\/12\/natural_conection-653x1024.jpg 653w, https:\/\/selfcarewecare.com\/wp-content\/uploads\/2025\/12\/natural_conection-191x300.jpg 191w, https:\/\/selfcarewecare.com\/wp-content\/uploads\/2025\/12\/natural_conection-768x1204.jpg 768w, https:\/\/selfcarewecare.com\/wp-content\/uploads\/2025\/12\/natural_conection-980x1536.jpg 980w, https:\/\/selfcarewecare.com\/wp-content\/uploads\/2025\/12\/natural_conection-600x940.jpg 600w, https:\/\/selfcarewecare.com\/wp-content\/uploads\/2025\/12\/natural_conection.jpg 1290w\" sizes=\"auto, (max-width: 653px) 100vw, 653px\" \/><span aria-hidden=\"true\" class=\"wp-block-cover__background has-background-dim\" style=\"background-color:#af957a\"><\/span><div class=\"wp-block-cover__inner-container is-layout-flow wp-block-cover-is-layout-flow\">\n<div class=\"wp-block-group is-content-justification-center is-layout-constrained wp-container-core-group-is-layout-5ab9ddcd wp-block-group-is-layout-constrained\" style=\"padding-right:60px;padding-left:60px\">\n<h2 class=\"wp-block-heading has-text-align-center\" id=\"just-arrived\"><mark style=\"background-color:rgba(0, 0, 0, 0)\" class=\"has-inline-color has-ast-global-color-4-color\">Nuestro equipo<\/mark><\/h2>\n\n\n\n<p class=\"has-text-align-center\"><mark style=\"background-color:rgba(0, 0, 0, 0)\" class=\"has-inline-color has-ast-global-color-4-color\">Nuestro trabajo se basa en la sabidur\u00eda ind\u00edgena, la inteligencia emocional y la comunidad centrada en el coraz\u00f3n.<\/mark><\/p>\n\n\n\n<p class=\"has-text-align-center\"><\/p>\n<\/div>\n<\/div><\/div>\n\n\n\n<main class=\"main\">\n    <section class=\"content\">\n      <div class=\"container\">\n        <!-- About (mismo contenido que en la landing, preservando estilos) -->\n        <section id=\"about\" class=\"text-block\">\n          <h2>SelfCare<span class=\"heart\">\u2665<\/span>WeCare<\/h2>\n          <p>\n            SelfCare<span class=\"heart\">\u2665<\/span>WeCare es un movimiento de transformaci\u00f3n, amor y\n            sanaci\u00f3n \u2014 un santuario para el alma, creado para ayudar a las personas a reconectar con su esencia,\n            liberar heridas emocionales y recordar que el poder de sanar vive dentro de cada uno.\n          <\/p>\n          <p>\n            Guiamos a las personas a trav\u00e9s de ceremonias, talleres y retiros que despiertan el cuerpo,\n            abren el coraz\u00f3n y alinean el esp\u00edritu. Nuestro trabajo se basa en la sabidur\u00eda ind\u00edgena, la\n            inteligencia emocional y la comunidad centrada en el coraz\u00f3n.\n          <\/p>\n        <\/section>\n\n\n        <!-- Secci\u00f3n: Nuestro equipo (flip-cards) -->\n        <section class=\"featured\" style=\"padding-top: 20px;\">\n          <h2>Our Team<\/h2>\n          <div class=\"flip-grid landing-team\">\n            <!-- Carmen -->\n            <div class=\"flip-card\">\n              <div class=\"flip-card-inner\">\n                <div class=\"flip-card-front\">\n                  <img decoding=\"async\" src=\"https:\/\/selfcarewecare.com\/wp-content\/uploads\/2025\/11\/carmen.jpg\" alt=\"Carmen Esmeralda Ventura\">\n                  <h3>Carmen Esmeralda Ventura<\/h3>\n                <\/div>\n                <div class=\"flip-card-back\">\n                  <div class=\"flip-card-back-content\">\n                    <h4>Fundadora \u00b7 Instructora Ejecutiva de Caminar Sobre Fuego \u00b7 Coach de Sanaci\u00f3n del Ni\u00f1o Interior \u00b7 Coach Certificada DISC Flow \u00b7 Facilitadora de Danza de Chakras \u00b7 Doula de la Muerte \u00b7 Danzante del Sol \u00b7 Danzante de la Paz<\/h4>\n                    <p>Carmen camina con un coraz\u00f3n moldeado por la sanaci\u00f3n, el coraje y la profunda devoci\u00f3n espiritual. Su viaje desde el trauma infantil hasta el despertar inspira los cimientos de SelfCare\ud83d\udc9cWeCare.<br>A trav\u00e9s de caminar sobre fuego, trabajo con el ni\u00f1o interior, sanaci\u00f3n emocional y apoyo compasivo al final de la vida, gu\u00eda a otros a reclamar su fuerza y regresar a s\u00ed mismos.<br>Arraigada en ense\u00f1anzas ind\u00edgenas y caminando en oraci\u00f3n con los ancianos, Carmen crea espacios donde la transformaci\u00f3n se vuelve posible con verdad, dignidad y amor.<\/p>\n                  <\/div>\n                <\/div>\n              <\/div>\n            <\/div>\n\n            <!-- Esperanza -->\n            <div class=\"flip-card\">\n              <div class=\"flip-card-inner\">\n                <div class=\"flip-card-front\">\n                  <img decoding=\"async\" src=\"https:\/\/selfcarewecare.com\/wp-content\/uploads\/2025\/11\/esperanza.jpg\" alt=\"Esperanza Cardona\">\n                  <h3>Esperanza Cardona<\/h3>\n                <\/div>\n                <div class=\"flip-card-back\">\n                  <div class=\"flip-card-back-content\">\n                    <h4>Instructora Ejecutiva de Caminar Sobre Fuego \u00b7 Mujer Medicina \u00b7 Danzante de la Paz<\/h4>\n                    <p>Esperanza lleva el coraz\u00f3n guerrero de la transformaci\u00f3n. Como Instructora Ejecutiva de Caminar Sobre Fuego, Mujer Medicina y Danzante de la Paz, apoya a otros a trav\u00e9s de avances poderosos, gui\u00e1ndolos con sabidur\u00eda ancestral y una presencia espiritual firme.<\/p>\n                  <\/div>\n                <\/div>\n              <\/div>\n            <\/div>\n\n            <!-- Ashley -->\n            <div class=\"flip-card\">\n              <div class=\"flip-card-inner\">\n                <div class=\"flip-card-front\">\n                  <img decoding=\"async\" src=\"https:\/\/selfcarewecare.com\/wp-content\/uploads\/2025\/11\/ashley.jpg\" alt=\"Ashley Noely Ventura\">\n                  <h3>Ashley Noely Ventura<\/h3>\n                <\/div>\n                <div class=\"flip-card-back\">\n                  <div class=\"flip-card-back-content\">\n                    <h4>Co-Fundadora \u00b7 Artista \u00b7 Sanadora \u00b7 Mentora Juvenil<\/h4>\n                    <p>Ashley aporta una mezcla conmovedora de arte, m\u00fasica, intuici\u00f3n e inteligencia emocional. Como coach de vida certificada, sanadora Reiki, compositora y mentora juvenil, inspira a corazones j\u00f3venes a expresar su verdad y crear desde el alma. Su presencia trae suavidad, creatividad y empoderamiento a la familia Selfcare Wecare.<\/p>\n                  <\/div>\n                <\/div>\n              <\/div>\n            <\/div>\n\n            <!-- Cristina -->\n            <div class=\"flip-card\">\n              <div class=\"flip-card-inner\">\n                <div class=\"flip-card-front\">\n                  <img decoding=\"async\" src=\"https:\/\/selfcarewecare.com\/wp-content\/uploads\/2025\/11\/cristina.jpg\" alt=\"Cristina Cardona\">\n                  <h3>Cristina Cardona<\/h3>\n                <\/div>\n                <div class=\"flip-card-back\">\n                  <div class=\"flip-card-back-content\">\n                    <h4>Instructora Maestra de Caminar Sobre Fuego \u00b7 Coach de Negocios \u00b7 Gu\u00eda Liderada por el Coraz\u00f3n<\/h4>\n                    <p>Cristina lleva una fuerza arraigada y profunda compasi\u00f3n. Como Instructora Maestra de Caminar Sobre Fuego y Coach de Negocios, combina liderazgo intuitivo con estrategia pr\u00e1ctica. Ayuda a las personas a reconectar con la verdad emocional, entrar en su prop\u00f3sito y elevarse con claridad, confianza y visi\u00f3n.<\/p>\n                  <\/div>\n                <\/div>\n              <\/div>\n            <\/div>\n\n            <!-- Teresita -->\n            <div class=\"flip-card\">\n              <div class=\"flip-card-inner\">\n                <div class=\"flip-card-front\">\n                  <img decoding=\"async\" src=\"https:\/\/selfcarewecare.com\/wp-content\/uploads\/2025\/11\/teresa.jpg\" alt=\"Teresita Cardona\">\n                  <h3>Teresita Cardona<\/h3>\n                <\/div>\n                <div class=\"flip-card-back\">\n                  <div class=\"flip-card-back-content\">\n                    <h4>Instructora Maestra de Caminar Sobre Fuego \u00b7 Coach de Construcci\u00f3n de Equipos \u00b7 Mentora Comunitaria<\/h4>\n                    <p>Teresita lidera con energ\u00eda nutricia y conciencia intuitiva. Como Instructora Maestra de Caminar Sobre Fuego y Coach de Construcci\u00f3n de Equipos, ayuda a individuos y grupos a crear armon\u00eda, confianza y conexi\u00f3n. Sus ense\u00f1anzas sobre personalidades, inteligencia emocional y comprensi\u00f3n humana aportan profundidad, claridad y unidad a cada espacio.<\/p>\n                  <\/div>\n                <\/div>\n              <\/div>\n            <\/div>\n          <\/div>\n        <\/section>\n\n      <\/div>\n    <\/section>\n  <\/main>\n\n\n\n<nav class=\"social-left\" aria-label=\"Redes sociales\">\n    <a class=\"social-btn fb\" href=\"https:\/\/www.facebook.com\/profile.php?id=61564330168928\" target=\"_blank\" rel=\"noopener\" aria-label=\"Facebook\">\n      <svg viewbox=\"0 0 24 24\" width=\"22\" height=\"22\" fill=\"currentColor\" aria-hidden=\"true\"><path d=\"M22.675 0h-21.35C.596 0 0 .596 0 1.325v21.351C0 23.404.596 24 1.325 24h11.483V14.706h-3.13v-3.615h3.13V8.413c0-3.1 1.893-4.788 4.659-4.788 1.325 0 2.463.099 2.797.143v3.243l-1.919.001c-1.505 0-1.797.716-1.797 1.767v2.318h3.59l-.467 3.615h-3.123V24h6.127C23.404 24 24 23.404 24 22.676V1.325C24 .596 23.404 0 22.675 0z\"\/><\/svg>\n    <\/a>\n    <a class=\"social-btn ig\" href=\"https:\/\/www.instagram.com\/carmenventura777?utm_source=ig_web_button_share_sheet&#038;igsh=ZDNlZDc0MzIxNw==\" target=\"_blank\" rel=\"noopener\" aria-label=\"Instagram\">\n      <svg viewbox=\"0 0 24 24\" width=\"22\" height=\"22\" fill=\"none\" stroke=\"currentColor\" stroke-width=\"2\" aria-hidden=\"true\">\n        <rect x=\"3\" y=\"3\" width=\"18\" height=\"18\" rx=\"5\" ry=\"5\"><\/rect>\n        <path d=\"M16 11.37A4 4 0 1 1 12.63 8 4 4 0 0 1 16 11.37z\"><\/path>\n        <line x1=\"17.5\" y1=\"6.5\" x2=\"17.5\" y2=\"6.5\"><\/line>\n      <\/svg>\n    <\/a>\n  <\/nav>","protected":false},"excerpt":{"rendered":"<p>SelfCare\u2665WeCare SelfCare\u2665WeCare is a movement of transformation, love, and healing \u2014 a sanctuary for the soul, created to help others [&hellip;]<\/p>","protected":false},"author":2,"featured_media":0,"parent":0,"menu_order":0,"comment_status":"closed","ping_status":"closed","template":"","meta":{"site-sidebar-layout":"default","site-content-layout":"","ast-site-content-layout":"default","site-content-style":"default","site-sidebar-style":"default","ast-global-header-display":"","ast-banner-title-visibility":"","ast-main-header-display":"","ast-hfb-above-header-display":"","ast-hfb-below-header-display":"","ast-hfb-mobile-header-display":"","site-post-title":"disabled","ast-breadcrumbs-content":"","ast-featured-img":"","footer-sml-layout":"","ast-disable-related-posts":"","theme-transparent-header-meta":"","adv-header-id-meta":"","stick-header-meta":"","header-above-stick-meta":"","header-main-stick-meta":"","header-below-stick-meta":"","astra-migrate-meta-layouts":"default","ast-page-background-enabled":"default","ast-page-background-meta":{"desktop":{"background-color":"var(--ast-global-color-5)","background-image":"","background-repeat":"repeat","background-position":"center center","background-size":"auto","background-attachment":"scroll","background-type":"","background-media":"","overlay-type":"","overlay-color":"","overlay-opacity":"","overlay-gradient":""},"tablet":{"background-color":"","background-image":"","background-repeat":"repeat","background-position":"center center","background-size":"auto","background-attachment":"scroll","background-type":"","background-media":"","overlay-type":"","overlay-color":"","overlay-opacity":"","overlay-gradient":""},"mobile":{"background-color":"","background-image":"","background-repeat":"repeat","background-position":"center center","background-size":"auto","background-attachment":"scroll","background-type":"","background-media":"","overlay-type":"","overlay-color":"","overlay-opacity":"","overlay-gradient":""}},"ast-content-background-meta":{"desktop":{"background-color":"var(--ast-global-color-4)","background-image":"","background-repeat":"repeat","background-position":"center center","background-size":"auto","background-attachment":"scroll","background-type":"","background-media":"","overlay-type":"","overlay-color":"","overlay-opacity":"","overlay-gradient":""},"tablet":{"background-color":"var(--ast-global-color-4)","background-image":"","background-repeat":"repeat","background-position":"center center","background-size":"auto","background-attachment":"scroll","background-type":"","background-media":"","overlay-type":"","overlay-color":"","overlay-opacity":"","overlay-gradient":""},"mobile":{"background-color":"var(--ast-global-color-4)","background-image":"","background-repeat":"repeat","background-position":"center center","background-size":"auto","background-attachment":"scroll","background-type":"","background-media":"","overlay-type":"","overlay-color":"","overlay-opacity":"","overlay-gradient":""}},"footnotes":""},"class_list":["post-102","page","type-page","status-publish","hentry"],"_hostinger_reach_plugin_has_subscription_block":false,"_hostinger_reach_plugin_is_elementor":false,"_links":{"self":[{"href":"https:\/\/selfcarewecare.com\/es\/wp-json\/wp\/v2\/pages\/102","targetHints":{"allow":["GET"]}}],"collection":[{"href":"https:\/\/selfcarewecare.com\/es\/wp-json\/wp\/v2\/pages"}],"about":[{"href":"https:\/\/selfcarewecare.com\/es\/wp-json\/wp\/v2\/types\/page"}],"author":[{"embeddable":true,"href":"https:\/\/selfcarewecare.com\/es\/wp-json\/wp\/v2\/users\/2"}],"replies":[{"embeddable":true,"href":"https:\/\/selfcarewecare.com\/es\/wp-json\/wp\/v2\/comments?post=102"}],"version-history":[{"count":9,"href":"https:\/\/selfcarewecare.com\/es\/wp-json\/wp\/v2\/pages\/102\/revisions"}],"predecessor-version":[{"id":428,"href":"https:\/\/selfcarewecare.com\/es\/wp-json\/wp\/v2\/pages\/102\/revisions\/428"}],"wp:attachment":[{"href":"https:\/\/selfcarewecare.com\/es\/wp-json\/wp\/v2\/media?parent=102"}],"curies":[{"name":"wp","href":"https:\/\/api.w.org\/{rel}","templated":true}]}}